{"id":7,"date":"2025-02-04T13:10:48","date_gmt":"2025-02-04T13:10:48","guid":{"rendered":"https:\/\/website.kreation.nl\/one-page-express-pro\/"},"modified":"2026-03-10T19:44:43","modified_gmt":"2026-03-10T19:44:43","slug":"one-page-express-pro","status":"publish","type":"page","link":"https:\/\/website.kreation.nl\/frontpage\/","title":{"rendered":"Front Page"},"content":{"rendered":"<div  data-label=\"Waarom\" data-id=\"content-image-right\" data-category=\"content\" class=\"content-right-image-section content-image-right\" id=\"waarom\" style=\"background-color: rgb(255, 255, 255);\"> <div  class=\"gridContainer\"> <div  class=\"content-right-image-gridcol\"> <div  class=\"content-right-image-textcol dynamic-color\" data-type=\"column\"> <p  class=\"\"><span  style=\"font-style: italic; font-weight: 200;\">Wij ontwerpen de storytelling rondom self-service kiosken.<\/span><\/p><h2  class=\"\"><span  style=\"font-family: &quot;Fredoka One&quot;, arial, helvetica, sans-serif;\">Van bestelzuil naar beleving<\/span><\/h2> <p  class=\"large_text\">Een bestelzuil is vaak een scherm in een hoek. Functioneel, maar zonder beleving.\n<br ><br >\nWij geloven dat bestellen onderdeel kan zijn van een verhaal.<br >\nDaarom ontwerpen en ontwikkelen wij de storytelling rondom bestelzuilen. Van een piratenhaven tot een gigantische frietzak of een kleurrijke speelwereld \u2013 elke zuil wordt onderdeel van een thema, een omgeving en een beleving die past bij de locatie en doelgroep.\n<br ><br >\nDe software en techniek van de bestelzuil worden verzorgd door gespecialiseerde partners. Wij richten ons volledig op concept, ontwerp en realisatie van de complete beleving eromheen.\n<br ><br >\nZo verandert een eenvoudige bestelzuil in een plek waar bezoekers niet alleen bestellen, maar ook beleven, ontdekken en foto\u2019s maken.<\/p> <a  class=\"button color5\" href=\"#contact\" target=\"_self\" data-icon=\"\"> Maak een afspraak <\/a> <\/div> <div  class=\"content-right-image-imgcol\" data-type=\"column\"> <img  decoding=\"async\" src=\"https:\/\/website.kreation.nl\/wp-content\/uploads\/2026\/03\/Tap_2_Order_Mockup_RJSLBV-1.png\" class=\"\" alt=\"\"> <\/div> <\/div> <\/div> <\/div><div  data-label=\"Cta\" data-id=\"cta-centered-bg-section\" data-category=\"cta\" class=\"cta-centered-bg-section white-text\" data-parallax-depth=\"20\" id=\"cta-1\" style=\"background-color: rgb(255, 255, 255); background-image: url(&quot;https:\/\/website.kreation.nl\/wp-content\/uploads\/2026\/03\/ChatGPT-Image-10-mrt-2026-05_28_56.png&quot;); background-size: cover; background-position: center top;\" data-ovid=\"ovid-cta-1-773\"> <div  class=\"gridContainer\"> <div  class=\"cta-centered-bg-section-row\"> <div  class=\"cta-centered-bg-section-row-2\"> <div  class=\"cta-centered-bg-section-col dynamic-color\" data-type=\"column\"> <h3  class=\"cta-centered-bg-section-title\">Ontdek hoe <span  style=\"font-family: &quot;Fredoka One&quot;, arial, helvetica, sans-serif;\">jouw<\/span> <span  style=\"font-family: &quot;Fredoka One&quot;, arial, helvetica, sans-serif;\">bestelzuil<\/span> een beleving wordt!<\/h3>  <\/div> <\/div> <\/div> <\/div> <\/div><div  data-label=\"Beleving\" data-id=\"content-image-left\" data-category=\"content\" class=\"content-left-image-section content-image-left\" id=\"beleving\" style=\"background-color: rgb(246, 246, 246);\"> <div  class=\"gridContainer\"> <div  class=\"row\"> <div  class=\"content-left-image-imgcol\" data-type=\"column\"> <img  decoding=\"async\" src=\"https:\/\/website.kreation.nl\/wp-content\/uploads\/2026\/03\/Tap_2_Order_Mockup_RJSLBV-3.png\" class=\"\" alt=\"\"> <\/div> <div  class=\"content-left-image-textcol dynamic-color\" data-type=\"column\"> <h2  class=\"\"><span  style=\"font-family: &quot;Fredoka One&quot;, arial, helvetica, sans-serif;\">Bestellen wordt een Beleving<\/span><\/h2> <p  class=\"large_text\"> Bestelzuilen worden in steeds meer horecazaken gebruikt om wachttijden te verkorten en bestellingen sneller te verwerken. Gasten kunnen in hun eigen tempo het menu bekijken, hun bestelling aanpassen en direct afrekenen, wat zorgt voor meer gemak en effici\u00ebntie. Maar een bestelzuil hoeft niet alleen een functioneel apparaat te zijn. \n<br ><br >Door de technologie te verwerken in een creatieve en herkenbare beleving ontstaat een totaalbeleving die perfect past bij de sfeer van een locatie. In het voorbeeld op de afbeelding zie je hoe een bestelzuil is ge\u00efntegreerd in een compleet thema, waarbij niet alleen het scherm centraal staat, maar ook functies zoals een prullenbak en een statiegeldpunt zijn meegenomen in het ontwerp. \n<br ><br >Hierdoor wordt een praktische handeling onderdeel van een speelse en aantrekkelijke omgeving. Gasten bestellen, ruimen hun afval op en leveren hun flesjes in op \u00e9\u00e9n plek die er ook nog eens uitnodigend uitziet. Dit maakt de plek overzichtelijker, effici\u00ebnter \u00e9n leuker voor bezoekers. \n<br ><br >Tegelijkertijd helpt een bestelzuil ondernemers om personeel effici\u00ebnter in te zetten en door slimme suggesties op het scherm de gemiddelde bestelwaarde te verhogen. Bij <span  style=\"font-weight: 600;\">Tap2Order<\/span> ontwerpen en ontwikkelen we daarom niet de techniek van de bestelzuil zelf, maar juist de complete beleving eromheen, waar technologie, functionaliteit en storytelling samenkomen in \u00e9\u00e9n sterk concept. <\/p>  <a  class=\"button color5\" href=\"#contact\" target=\"_self\" data-icon=\"\">Vertel ons over hoe jij wilt dat het eruit komt te zien?<\/a><\/div> <\/div> <\/div> <\/div><div  data-label=\"Cta\" data-id=\"cta-centered-bg-section-1\" data-category=\"cta\" class=\"cta-centered-bg-section white-text cta-centered-bg-section-1\" data-parallax-depth=\"20\" id=\"cta-2\" style=\"background-color: rgb(255, 255, 255); background-image: url(&quot;https:\/\/website.kreation.nl\/wp-content\/uploads\/2026\/03\/Tap_2_Order_Mockup_RJSLBV-2.png&quot;); background-size: cover; background-position: center top;\" data-ovid=\"ovid-cta-2-793\"> <div  class=\"gridContainer\"> <div  class=\"cta-centered-bg-section-row\"> <div  class=\"cta-centered-bg-section-row-2\"> <div  class=\"cta-centered-bg-section-col dynamic-color\" data-type=\"column\"> <h3  class=\"cta-centered-bg-section-title\">Photobooth, prullenbak of glijbaan erbij? \n<br ><span  style=\"font-family: &quot;Fredoka One&quot;, arial, helvetica, sans-serif;\">Samen bedenken we het!<\/span><\/h3> <a  class=\"button big color7 dark-text\" href=\"#afspraak-maken\" target=\"_self\" data-icon=\"\"> Maak een afspraak <\/a> <\/div> <\/div> <\/div> <\/div> <\/div><div  data-label=\"Idee\" data-id=\"content-full-right-image-section\" data-category=\"content\" class=\"content-full-right-image-section\" id=\"idee\" style=\"background-color: rgb(246, 246, 246);\"> <div  class=\"content-full-right-image-innerrow\"> <div  class=\"content-full-right-image-textcol dynamic-color\"> <div  data-type=\"column\" class=\"\"> <h5  class=\"\">Hoe komt het tot stand?<\/h5> <h2  class=\"\"><span  style=\"font-family: &quot;Fredoka One&quot;, arial, helvetica, sans-serif; color: rgb(237, 98, 9);\">Van Idee tot Beleving<\/span><\/h2> <p  class=\"\">Elke beleving begint met een idee. Van een eerste schets tot een compleet themastation: samen ontwikkelen we een concept dat perfect past bij jouw locatie en doelgroep. Hieronder zie je hoe een <span  style=\"font-weight: 500;\">Tap2Order<\/span> beleving stap voor stap ontstaat.<\/p> <\/div> <div  class=\"content-full-right-image-featuresrow\"> <div  class=\"content-full-right-image-featurescol\" data-type=\"column\"> <h5  class=\"\">1. Idee\u00ebn aan de Keukentafel<\/h5> <p  class=\"\">Alles begint met een goed gesprek. Samen bespreken we de wensen, de locatie en de doelgroep. Tijdens dit moment ontstaan vaak de leukste idee\u00ebn voor vorm, thema en beleving.<\/p> <h5  class=\"\">3. Ontwerp en Integratie<\/h5> <p  class=\"\">Daarna werken we het concept verder uit. Het scherm, de printer, betaalterminal en eventuele extra\u2019s zoals een photobooth, afvalpunt of statiegeldstation worden slim ge\u00efntegreerd in het ontwerp. Alles wordt onderdeel van \u00e9\u00e9n logisch en aantrekkelijk geheel.<\/p> <\/div> <div  class=\"content-full-right-image-featurescol\" data-type=\"column\"> <h5  class=\"\">2. De Eerste Schets<\/h5> <p  class=\"\">Van het idee maken we een eerste ontwerp. In een schets brengen we de vorm, functies en uitstraling van het bestelstation tot leven. Zo zie je meteen hoe techniek en beleving samenkomen.<\/p> <h5  class=\"\">4. Van Concept naar Beleving<\/h5> <p  class=\"\">Wanneer het ontwerp staat, vertalen we het naar een realistische uitvoering. Materialen, vormen en details zorgen ervoor dat het concept echt tot leven komt. Zo ontstaat een functioneel station dat niet alleen werkt, maar ook een ervaring biedt voor iedere gast.<\/p> <\/div> <\/div> <\/div> <div  data-bg=\"image\" class=\"content-full-right-image-imgcol\" style=\"background-image: url(&quot;https:\/\/website.kreation.nl\/wp-content\/uploads\/2026\/03\/Tap_2_Order_Mockup_RJSLBV-89.png&quot;);\"><\/div> <\/div><\/div><div  data-label=\"Voorbeelden\" data-id=\"full-width-gallery\" data-category=\"gallery\" class=\"row_297 full-width-gallery\" id=\"voorbeelden\" style=\"background-color: rgb(255, 255, 255);\"> <div  data-editable=\"true\" data-content-shortcode=\"ope_gallery id=&quot;ope-gallery-1&quot; columns=&quot;3&quot; ids=&quot;6678,6677,6676,6675,6674,6673&quot; lb=&quot;1&quot; masonry=&quot;0&quot; size=&quot;medium&quot; link=&quot;file&quot; \"><div id='ope-gallery-1' class='gallery-wrapper'>    <style type=\"text\/css\">\n        @media only screen and (min-width: 768px) {\n        #ope-gallery-1 dl {\n            float: left;\n            width: 33.333333333333% !important;\n            max-width: 33.333333333333% !important;\n            min-width: 33.333333333333% !important;\n        }\n\n        #ope-gallery-1 dl:nth-of-type(3n +1 ) {\n                                       clear: both;\n                                   }\n        }\n    <\/style>\n    <div   class='ope-gallery-1-dls-wrapper gallery-items-wrapper' ><dl class='gallery-item'>\n\t\t\t<dt class='gallery-icon portrait'>\n\t\t\t\t<a data-fancybox=\"ope-gallery-1-group\" href='https:\/\/website.kreation.nl\/wp-content\/uploads\/2026\/03\/Tap_2_Order_Mockup_RJSLBV-1.png'><img loading=\"lazy\" decoding=\"async\"  width=\"200\" height=\"300\" src=\"https:\/\/website.kreation.nl\/wp-content\/uploads\/2026\/03\/Tap_2_Order_Mockup_RJSLBV-1-200x300.png\"  class='ope-gallery-1-image' alt=\"\" srcset=\"https:\/\/website.kreation.nl\/wp-content\/uploads\/2026\/03\/Tap_2_Order_Mockup_RJSLBV-1-200x300.png 200w, https:\/\/website.kreation.nl\/wp-content\/uploads\/2026\/03\/Tap_2_Order_Mockup_RJSLBV-1-683x1024.png 683w, https:\/\/website.kreation.nl\/wp-content\/uploads\/2026\/03\/Tap_2_Order_Mockup_RJSLBV-1-768x1152.png 768w, https:\/\/website.kreation.nl\/wp-content\/uploads\/2026\/03\/Tap_2_Order_Mockup_RJSLBV-1-720x1080.png 720w, https:\/\/website.kreation.nl\/wp-content\/uploads\/2026\/03\/Tap_2_Order_Mockup_RJSLBV-1.png 1024w\" sizes=\"auto, (max-width: 200px) 100vw, 200px\" \/><\/a>\n\t\t\t<\/dt><\/dl><dl class='gallery-item'>\n\t\t\t<dt class='gallery-icon portrait'>\n\t\t\t\t<a data-fancybox=\"ope-gallery-1-group\" href='https:\/\/website.kreation.nl\/wp-content\/uploads\/2026\/03\/Tap_2_Order_Mockup_RJSLBV-6.png'><img loading=\"lazy\" decoding=\"async\"  width=\"200\" height=\"300\" src=\"https:\/\/website.kreation.nl\/wp-content\/uploads\/2026\/03\/Tap_2_Order_Mockup_RJSLBV-6-200x300.png\"  class='ope-gallery-1-image' alt=\"\" srcset=\"https:\/\/website.kreation.nl\/wp-content\/uploads\/2026\/03\/Tap_2_Order_Mockup_RJSLBV-6-200x300.png 200w, https:\/\/website.kreation.nl\/wp-content\/uploads\/2026\/03\/Tap_2_Order_Mockup_RJSLBV-6-683x1024.png 683w, https:\/\/website.kreation.nl\/wp-content\/uploads\/2026\/03\/Tap_2_Order_Mockup_RJSLBV-6-768x1152.png 768w, https:\/\/website.kreation.nl\/wp-content\/uploads\/2026\/03\/Tap_2_Order_Mockup_RJSLBV-6-720x1080.png 720w, https:\/\/website.kreation.nl\/wp-content\/uploads\/2026\/03\/Tap_2_Order_Mockup_RJSLBV-6.png 1024w\" sizes=\"auto, (max-width: 200px) 100vw, 200px\" \/><\/a>\n\t\t\t<\/dt><\/dl><dl class='gallery-item'>\n\t\t\t<dt class='gallery-icon portrait'>\n\t\t\t\t<a data-fancybox=\"ope-gallery-1-group\" href='https:\/\/website.kreation.nl\/wp-content\/uploads\/2026\/03\/Tap_2_Order_Mockup_RJSLBV-3.png'><img loading=\"lazy\" decoding=\"async\"  width=\"200\" height=\"300\" src=\"https:\/\/website.kreation.nl\/wp-content\/uploads\/2026\/03\/Tap_2_Order_Mockup_RJSLBV-3-200x300.png\"  class='ope-gallery-1-image' alt=\"\" srcset=\"https:\/\/website.kreation.nl\/wp-content\/uploads\/2026\/03\/Tap_2_Order_Mockup_RJSLBV-3-200x300.png 200w, https:\/\/website.kreation.nl\/wp-content\/uploads\/2026\/03\/Tap_2_Order_Mockup_RJSLBV-3-683x1024.png 683w, https:\/\/website.kreation.nl\/wp-content\/uploads\/2026\/03\/Tap_2_Order_Mockup_RJSLBV-3-768x1152.png 768w, https:\/\/website.kreation.nl\/wp-content\/uploads\/2026\/03\/Tap_2_Order_Mockup_RJSLBV-3-720x1080.png 720w, https:\/\/website.kreation.nl\/wp-content\/uploads\/2026\/03\/Tap_2_Order_Mockup_RJSLBV-3.png 1024w\" sizes=\"auto, (max-width: 200px) 100vw, 200px\" \/><\/a>\n\t\t\t<\/dt><\/dl><dl class='gallery-item'>\n\t\t\t<dt class='gallery-icon portrait'>\n\t\t\t\t<a data-fancybox=\"ope-gallery-1-group\" href='https:\/\/website.kreation.nl\/wp-content\/uploads\/2026\/03\/Tap_2_Order_Mockup_RJSLBV-2.png'><img loading=\"lazy\" decoding=\"async\"  width=\"200\" height=\"300\" src=\"https:\/\/website.kreation.nl\/wp-content\/uploads\/2026\/03\/Tap_2_Order_Mockup_RJSLBV-2-200x300.png\"  class='ope-gallery-1-image' alt=\"\" srcset=\"https:\/\/website.kreation.nl\/wp-content\/uploads\/2026\/03\/Tap_2_Order_Mockup_RJSLBV-2-200x300.png 200w, https:\/\/website.kreation.nl\/wp-content\/uploads\/2026\/03\/Tap_2_Order_Mockup_RJSLBV-2-683x1024.png 683w, https:\/\/website.kreation.nl\/wp-content\/uploads\/2026\/03\/Tap_2_Order_Mockup_RJSLBV-2-768x1152.png 768w, https:\/\/website.kreation.nl\/wp-content\/uploads\/2026\/03\/Tap_2_Order_Mockup_RJSLBV-2-720x1080.png 720w, https:\/\/website.kreation.nl\/wp-content\/uploads\/2026\/03\/Tap_2_Order_Mockup_RJSLBV-2.png 1024w\" sizes=\"auto, (max-width: 200px) 100vw, 200px\" \/><\/a>\n\t\t\t<\/dt><\/dl><dl class='gallery-item'>\n\t\t\t<dt class='gallery-icon portrait'>\n\t\t\t\t<a data-fancybox=\"ope-gallery-1-group\" href='https:\/\/website.kreation.nl\/wp-content\/uploads\/2026\/03\/ChatGPT-Image-10-mrt-2026-05_24_58.png'><img loading=\"lazy\" decoding=\"async\"  width=\"200\" height=\"300\" src=\"https:\/\/website.kreation.nl\/wp-content\/uploads\/2026\/03\/ChatGPT-Image-10-mrt-2026-05_24_58-200x300.png\"  class='ope-gallery-1-image' alt=\"\" srcset=\"https:\/\/website.kreation.nl\/wp-content\/uploads\/2026\/03\/ChatGPT-Image-10-mrt-2026-05_24_58-200x300.png 200w, https:\/\/website.kreation.nl\/wp-content\/uploads\/2026\/03\/ChatGPT-Image-10-mrt-2026-05_24_58-683x1024.png 683w, https:\/\/website.kreation.nl\/wp-content\/uploads\/2026\/03\/ChatGPT-Image-10-mrt-2026-05_24_58-768x1152.png 768w, https:\/\/website.kreation.nl\/wp-content\/uploads\/2026\/03\/ChatGPT-Image-10-mrt-2026-05_24_58-720x1080.png 720w, https:\/\/website.kreation.nl\/wp-content\/uploads\/2026\/03\/ChatGPT-Image-10-mrt-2026-05_24_58.png 1024w\" sizes=\"auto, (max-width: 200px) 100vw, 200px\" \/><\/a>\n\t\t\t<\/dt><\/dl><dl class='gallery-item'>\n\t\t\t<dt class='gallery-icon portrait'>\n\t\t\t\t<a data-fancybox=\"ope-gallery-1-group\" href='https:\/\/website.kreation.nl\/wp-content\/uploads\/2026\/03\/ChatGPT-Image-10-mrt-2026-05_28_56.png'><img loading=\"lazy\" decoding=\"async\"  width=\"200\" height=\"300\" src=\"https:\/\/website.kreation.nl\/wp-content\/uploads\/2026\/03\/ChatGPT-Image-10-mrt-2026-05_28_56-200x300.png\"  class='ope-gallery-1-image' alt=\"\" srcset=\"https:\/\/website.kreation.nl\/wp-content\/uploads\/2026\/03\/ChatGPT-Image-10-mrt-2026-05_28_56-200x300.png 200w, https:\/\/website.kreation.nl\/wp-content\/uploads\/2026\/03\/ChatGPT-Image-10-mrt-2026-05_28_56-683x1024.png 683w, https:\/\/website.kreation.nl\/wp-content\/uploads\/2026\/03\/ChatGPT-Image-10-mrt-2026-05_28_56-768x1152.png 768w, https:\/\/website.kreation.nl\/wp-content\/uploads\/2026\/03\/ChatGPT-Image-10-mrt-2026-05_28_56-720x1080.png 720w, https:\/\/website.kreation.nl\/wp-content\/uploads\/2026\/03\/ChatGPT-Image-10-mrt-2026-05_28_56.png 1024w\" sizes=\"auto, (max-width: 200px) 100vw, 200px\" \/><\/a>\n\t\t\t<\/dt><\/dl>\n\t\t<\/div>\n<style>#ope-gallery-1 .wp-caption-text.gallery-caption{display:none;}<\/style><\/div><\/div> <\/div><div  data-label=\"Content\" data-id=\"content-image-left-1\" data-category=\"content\" class=\"content-left-image-section content-image-left-1\" id=\"content-3\" style=\"background-color: rgb(246, 246, 246);\"> <div  class=\"gridContainer\"> <div  class=\"row\"> <div  class=\"content-left-image-imgcol\" data-type=\"column\"> <img  decoding=\"async\" src=\"https:\/\/website.kreation.nl\/wp-content\/uploads\/2026\/03\/ChatGPT-Image-10-mrt-2026-05_28_56.png\" class=\"\" alt=\"\"> <\/div> <div  class=\"content-left-image-textcol dynamic-color\" data-type=\"column\"> <p  class=\"\"><span  style=\"font-weight: 700; font-family: &quot;Source Sans Pro&quot;, arial, helvetica, sans-serif;\">Van bestellen naar beleven<\/span><\/p><h2  class=\"\"><span  style=\"font-family: &quot;Fredoka One&quot;, arial, helvetica, sans-serif;\">De bestelzuil van de toekomst<\/span><\/h2> <p  class=\"large_text\"> In 2026 en 2027 wordt de bestelzuil steeds belangrijker voor horeca, pretparken en speelparadijzen. Gasten willen snel bestellen, zelf keuzes maken en direct afrekenen zonder lange wachttijden. \n<br ><br >Bestelzuilen helpen om de service sneller te maken en de druk op het personeel te verlagen, terwijl medewerkers zich meer kunnen richten op gastvrijheid. Daarnaast bestellen gasten via een scherm vaak meer, doordat extra opties, menu\u2019s en suggesties zichtbaar worden.\n<br ><br > Technologie speelt dus een steeds grotere rol in effici\u00ebntie \u00e9n omzet. Bij Tap2Order kijken we echter verder dan alleen de techniek. De software en hardware van de bestelzuil worden geleverd door gespecialiseerde partners, terwijl wij ons richten op het ontwerp en de beleving eromheen. Door storytelling en creatief design wordt een bestelzuil onderdeel van het verhaal van jouw locatie. \n<br ><br >Denk aan een themastation dat perfect past bij een park, restaurant of speelomgeving. Zo verandert een simpele bestelzuil in een plek waar gasten niet alleen bestellen, maar ook iets beleven. <\/p>  <\/div> <\/div> <\/div> <\/div><div  data-label=\"Contact\" data-id=\"contact-section\" data-category=\"contact\" data-bg=\"transparent\" class=\"contact-section-formsection white-text contact-section\" id=\"contact\" style=\"background-image: none; background-color: rgba(0, 0, 0, 0);\" data-ovid=\"ovid-contact-4-2403\"> <div  class=\"gridContainer\"> <div  class=\"row_224\"> <div  class=\"contact-textrow\"> <div  class=\"contact-textcol dynamic-color\"> <h2 ><span  style=\"font-family: &quot;Fredoka One&quot;, arial, helvetica, sans-serif;\">Laten we samen iets moois bedenken?!<\/span><\/h2> <p  class=\"white_text\">Heb je een idee voor een bestelbeleving of wil je samen sparren over de mogelijkheden? Wij denken graag met je mee. Aan de keukentafel ontstaan vaak de leukste idee\u00ebn voor unieke bestelstations, themaconcepten en creatieve oplossingen. Neem gerust contact met ons op en ontdek wat er allemaal mogelijk is.<\/p> <\/div> <\/div> <\/div> <div  class=\"contact-formcol\" data-content-shortcode=\"one_page_express_contact_form shortcode=&quot;formidable id=3&quot;\" data-editable=\"true\"><div class=\"frm_forms  with_frm_style frm_style_formidable-stijlen\" id=\"frm_form_3_container\" data-token=\"b01273f47ff3a6e3cfa318f14d906e17\">\n<form enctype=\"multipart\/form-data\" method=\"post\" class=\"frm-show-form  frm_pro_form \" id=\"form_vraag-contact\" data-token=\"b01273f47ff3a6e3cfa318f14d906e17\">\n<div class=\"frm_form_fields \">\n<fieldset>\n<legend class=\"frm_screen_reader\">Vraag contact<\/legend>\r\n\r\n<div class=\"frm_fields_container\">\n<input type=\"hidden\" name=\"frm_action\" value=\"create\" \/>\n<input type=\"hidden\" name=\"form_id\" value=\"3\" \/>\n<input type=\"hidden\" name=\"frm_hide_fields_3\" id=\"frm_hide_fields_3\" value=\"\" \/>\n<input type=\"hidden\" name=\"form_key\" value=\"vraag-contact\" \/>\n<input type=\"hidden\" name=\"item_meta[0]\" value=\"\" \/>\n<input type=\"hidden\" id=\"frm_submit_entry_3\" name=\"frm_submit_entry_3\" value=\"956b00ab48\" \/><input type=\"hidden\" name=\"_wp_http_referer\" value=\"\/frontpage\/wp-json\/wp\/v2\/pages\/7\" \/><div id=\"frm_field_27_container\" class=\"frm_form_field form-field  frm_top_container\">\r\n\t<label for=\"field_8fvtq\" id=\"field_8fvtq_label\" class=\"frm_primary_label\">Bedrijfsnaam:\r\n\t\t<span class=\"frm_required\" aria-hidden=\"true\"><\/span>\r\n\t<\/label>\r\n\t<input type=\"text\" id=\"field_8fvtq\" name=\"item_meta[27]\" value=\"\"  data-invmsg=\"Bedrijfsnaam: is ongeldig\" aria-invalid=\"false\"  \/>\r\n\t\r\n\t\r\n<\/div>\n<div id=\"frm_field_28_container\" class=\"frm_form_field form-field  frm_top_container\">\r\n\t<label for=\"field_l64jd\" id=\"field_l64jd_label\" class=\"frm_primary_label\">Contactpersoon:\r\n\t\t<span class=\"frm_required\" aria-hidden=\"true\"><\/span>\r\n\t<\/label>\r\n\t<input type=\"text\" id=\"field_l64jd\" name=\"item_meta[28]\" value=\"\"  data-invmsg=\"Contactpersoon: is ongeldig\" aria-invalid=\"false\"  \/>\r\n\t\r\n\t\r\n<\/div>\n<div id=\"frm_field_29_container\" class=\"frm_form_field form-field  frm_top_container\">\r\n\t<label for=\"field_sg88r\" id=\"field_sg88r_label\" class=\"frm_primary_label\">E-mailadres:\r\n\t\t<span class=\"frm_required\" aria-hidden=\"true\"><\/span>\r\n\t<\/label>\r\n\t<input type=\"email\" id=\"field_sg88r\" name=\"item_meta[29]\" value=\"\"  data-invmsg=\"E-mailadres: is ongeldig\" aria-invalid=\"false\"  \/>\r\n\t\r\n\t\r\n<\/div>\n<div id=\"frm_field_30_container\" class=\"frm_form_field form-field  frm_top_container\">\r\n\t<label for=\"field_33d6y\" id=\"field_33d6y_label\" class=\"frm_primary_label\">Mobielnummer:\r\n\t\t<span class=\"frm_required\" aria-hidden=\"true\"><\/span>\r\n\t<\/label>\r\n\t<input type=\"tel\" id=\"field_33d6y\" name=\"item_meta[30]\" value=\"\"  data-invmsg=\"Mobielnummer: is ongeldig\" aria-invalid=\"false\" pattern=\"((\\+\\d{1,3}(-|.| )?\\(?\\d\\)?(-| |.)?\\d{1,5})|(\\(?\\d{2,6}\\)?))(-|.| )?(\\d{3,4})(-|.| )?(\\d{4})(( x| ext)\\d{1,5}){0,1}$\"  \/>\r\n\t\r\n\t\r\n<\/div>\n<div id=\"frm_field_31_container\" class=\"frm_form_field form-field  frm_top_container\">\r\n\t<label for=\"field_1ug0n\" id=\"field_1ug0n_label\" class=\"frm_primary_label\">Hoe zou je de bestelzuil er graag uit willen laten zien? (denk aan thema, omgeving en uitstraling)\r\n\t\t<span class=\"frm_required\" aria-hidden=\"true\"><\/span>\r\n\t<\/label>\r\n\t<textarea name=\"item_meta[31]\" id=\"field_1ug0n\" rows=\"5\"  data-invmsg=\"Hoe zou je de bestelzuil er graag uit willen laten zien? (denk aan thema, omgeving en uitstraling) is ongeldig\" aria-invalid=\"false\"  ><\/textarea>\r\n\t\r\n\t\r\n<\/div>\n<div id=\"frm_field_32_container\" class=\"frm_form_field form-field  frm_top_container\">\r\n\t<label for=\"field_29j8p\" id=\"field_29j8p_label\" class=\"frm_primary_label\">Waar zou hij komen te staan?\r\n\t\t<span class=\"frm_required\" aria-hidden=\"true\"><\/span>\r\n\t<\/label>\r\n\t<textarea name=\"item_meta[32]\" id=\"field_29j8p\" rows=\"5\"  data-invmsg=\"Waar zou hij komen te staan? is ongeldig\" aria-invalid=\"false\"  ><\/textarea>\r\n\t\r\n\t\r\n<\/div>\n<div id=\"frm_field_33_container\" class=\"frm_form_field form-field  frm_top_container\">\r\n\t<div  id=\"field_bnw4q_label\" class=\"frm_primary_label\">Upload een foto van de omgeving of logo van jullie bedrijf?\r\n\t\t<span class=\"frm_required\" aria-hidden=\"true\"><\/span>\r\n\t<\/div>\r\n\t<input type=\"hidden\" name=\"item_meta[33]\" value=\"\" data-frmfile=\"33\" \/>\n\n<div class=\"frm_dropzone frm_single_upload frm_clearfix\" id=\"file33_dropzone\" aria-labelledby=\"field_bnw4q_label\" role=\"group\">\n\t<div class=\"fallback\">\n\t\t<input type=\"file\" name=\"file33\" id=\"field_bnw4q\"  data-invmsg=\"Upload een foto van de omgeving of logo van jullie bedrijf? is ongeldig\" aria-invalid=\"false\"   \/>\n\t\t\t\t<div class=\"frm_clearfix \"><\/div>\n\t<\/div>\n\t<div class=\"dz-message needsclick\">\n\t\t<span class=\"frm_icon_font frm_upload_icon\"><\/span>\n\t\t<span class=\"frm_upload_text\">Sleep je bestanden hierheen, of klik hier om ze te selecteren<\/span>\n\t\t<span class=\"frm_compact_text\">Kies bestand<\/span>\n\t\t<div class=\"frm_small_text\">\n\t\t\tMaximale uploadgrootte: 33.55MB\t\t<\/div>\n\t<\/div>\n<\/div>\n\r\n\t\r\n\t\r\n<\/div>\n<div id=\"frm_field_26_container\" class=\"frm_form_field form-field \">\r\n\t<div class=\"frm_submit frm_flex\">\r\n<button class=\"frm_button_submit frm_final_submit\" type=\"submit\"  >Let&#039;s Contact!<\/button>\r\n\r\n\r\n\r\n<\/div>\r\n<\/div>\n\t<input type=\"hidden\" name=\"item_key\" value=\"\" \/>\n\t\t\t<div id=\"frm_field_34_container\">\n\t\t\t<label for=\"field_jmqab\" >\n\t\t\t\tIndien je een mens bent, laat dit veld leeg:.\t\t\t<\/label>\n\t\t\t<input  id=\"field_jmqab\" type=\"text\" class=\"frm_form_field form-field frm_verify\" name=\"item_meta[34]\" value=\"\"  \/>\n\t\t<\/div>\n\t\t<input name=\"frm_state\" type=\"hidden\" value=\"EGFrpP\/Jq4YXeB2K6TuFn83\/XRVPP+FGqiQXjWhRYXY=\" \/><\/div>\n<\/fieldset>\n<\/div>\n\n<\/form>\n<\/div>\n<\/div> <\/div><\/div>","protected":false},"excerpt":{"rendered":"<p>Wij ontwerpen de storytelling rondom self-service kiosken.Van bestelzuil naar beleving Een bestelzuil is vaak een scherm in een hoek. Functioneel, maar zonder beleving. Wij geloven dat bestellen onderdeel kan zijn van een verhaal. Daarom ontwerpen en ontwikkelen wij de storytelling rondom bestelzuilen. Van een piratenhaven tot een gigantische frietzak of een kleurrijke speelwereld \u2013 elke&hellip; <br \/> <a class=\"button small blue\" href=\"https:\/\/website.kreation.nl\/frontpage\/\">Lees verder<\/a><\/p>\n","protected":false},"author":1,"featured_media":0,"parent":0,"menu_order":0,"comment_status":"closed","ping_status":"closed","template":"","meta":{"footnotes":""},"class_list":["post-7","page","type-page","status-publish","hentry"],"_links":{"self":[{"href":"https:\/\/website.kreation.nl\/frontpage\/wp-json\/wp\/v2\/pages\/7","targetHints":{"allow":["GET"]}}],"collection":[{"href":"https:\/\/website.kreation.nl\/frontpage\/wp-json\/wp\/v2\/pages"}],"about":[{"href":"https:\/\/website.kreation.nl\/frontpage\/wp-json\/wp\/v2\/types\/page"}],"author":[{"embeddable":true,"href":"https:\/\/website.kreation.nl\/frontpage\/wp-json\/wp\/v2\/users\/1"}],"replies":[{"embeddable":true,"href":"https:\/\/website.kreation.nl\/frontpage\/wp-json\/wp\/v2\/comments?post=7"}],"version-history":[{"count":20,"href":"https:\/\/website.kreation.nl\/frontpage\/wp-json\/wp\/v2\/pages\/7\/revisions"}],"predecessor-version":[{"id":6702,"href":"https:\/\/website.kreation.nl\/frontpage\/wp-json\/wp\/v2\/pages\/7\/revisions\/6702"}],"wp:attachment":[{"href":"https:\/\/website.kreation.nl\/frontpage\/wp-json\/wp\/v2\/media?parent=7"}],"curies":[{"name":"wp","href":"https:\/\/api.w.org\/{rel}","templated":true}]}}